{"id":2,"date":"2019-06-24T17:41:57","date_gmt":"2019-06-24T15:41:57","guid":{"rendered":"https:\/\/johanna-neuburger.de\/de\/?page_id=2"},"modified":"2023-07-25T18:36:03","modified_gmt":"2023-07-25T16:36:03","slug":"beispiel-seite","status":"publish","type":"page","link":"https:\/\/johanna-neuburger.de\/de\/","title":{"rendered":"Graphic _ Art Books"},"content":{"rendered":"<section class=\"wpb-content-wrapper\"><p>[vc_row][vc_column][vc_column_text]<\/p>\r\n<p>Mit gro\u00dfer Leidenschaft und Freude gestalte ich B\u00fccher und Ausstellungskataloge. Detailverliebt k\u00fcmmere ich mich um den passenden Look und ein stimmiges Konzept. Hierbei fokussiere ich mich nicht nur auf den Inhalt, auch der Einband, der Schutzumschlag und die Typografie wird mit besonders viel Aufmerksamkeit gew\u00e4hlt und gestaltet.<\/p>\r\n<p>\r\n\r\nEin Einband kann zu einem optischen und haptischen Vergn\u00fcgen werden: Ausgefallene Papiere, gepr\u00e4gte, raue oder glatte Oberfl\u00e4chen, besonders gestaltete Schutzumschl\u00e4ge \u2013 all dies schafft ein besonderes Ergebnis und eine au\u00dfergew\u00f6hnliche Erscheinung.<\/p>\r\n<p>\r\n\r\nAuch die Wahl der richtigen Typografie tr\u00e4gt ma\u00dfgeblich zu einer qualitativ hochwertigen Gestaltung bei. Die richtige Schrift ist wichtig, um den Text gut lesbar zu machen und schafft gleichzeitig Atmosph\u00e4re durch Farbigkeit, \u00dcberschriften, Kolumnentitel, Auszeichnungen, und vieles mehr.<\/p>\r\n<p>\r\n\r\nIch freue mich, dass Sie meine Webseite besuchen. Sie finden in <span style=\"text-decoration: underline;\"><a href=\"https:\/\/johanna-neuburger.de\/de\/portfolio\/\">meinem Portfolio<\/a><\/span> eine umfassende Auswahl meiner Arbeit.<\/p>\r\n<p>[\/vc_column_text]\n<div class=\"vp-portfolio vp-uid-d742cecf vp-id-440  \"\n    data-vp-layout=\"tiles\" data-vp-content-source=\"post-based\" data-vp-items-style=\"fly\" data-vp-items-click-action=\"url\" data-vp-items-gap=\"7\" data-vp-items-gap-vertical=\"\" data-vp-pagination=\"load-more\" data-vp-next-page-url=\"https:\/\/johanna-neuburger.de\/de\/wp-json\/wp\/v2\/pages\/2?vp_page=2\" data-vp-tiles-type=\"4|1,1|\" >\n    <div class=\"vp-portfolio__preloader-wrap\">\n        <div class=\"vp-portfolio__preloader\">\n            <img loading=\"eager\" src=\"https:\/\/johanna-neuburger.de\/de\/wp-content\/plugins\/visual-portfolio\/assets\/images\/logo-dark.svg\" alt=\"Visual Portfolio, Posts &amp; Image Gallery for WordPress\" width=\"20\" height=\"20\" data-skip-lazy>\n        <\/div>\n    <\/div>\n        <div class=\"vp-portfolio__layout-elements vp-portfolio__layout-elements-top vp-portfolio__layout-elements-align-center\">\n                <div class=\"vp-portfolio__filter-wrap\">\n        \r\n<div class=\"vp-filter vp-filter__style-default\">\r\n            <div class=\"vp-filter__item vp-filter__item-active\">\r\n            <a href=\"https:\/\/johanna-neuburger.de\/de\/wp-json\/wp\/v2\/pages\/2\" data-vp-filter=\"*\">\r\n                Alle\r\n                            <\/a>\r\n        <\/div>\r\n                <div class=\"vp-filter__item\">\r\n            <a href=\"https:\/\/johanna-neuburger.de\/de\/wp-json\/wp\/v2\/pages\/2?vp_filter=portfolio_category%3Aflexcover\" data-vp-filter=\"flexcover\">\r\n                Flexcover\r\n                            <\/a>\r\n        <\/div>\r\n                <div class=\"vp-filter__item\">\r\n            <a href=\"https:\/\/johanna-neuburger.de\/de\/wp-json\/wp\/v2\/pages\/2?vp_filter=portfolio_category%3Ahardcover\" data-vp-filter=\"hardcover\">\r\n                Hardcover\r\n                            <\/a>\r\n        <\/div>\r\n                <div class=\"vp-filter__item\">\r\n            <a href=\"https:\/\/johanna-neuburger.de\/de\/wp-json\/wp\/v2\/pages\/2?vp_filter=portfolio_category%3Asoftcover\" data-vp-filter=\"softcover\">\r\n                Softcover\r\n                            <\/a>\r\n        <\/div>\r\n                <div class=\"vp-filter__item\">\r\n            <a href=\"https:\/\/johanna-neuburger.de\/de\/wp-json\/wp\/v2\/pages\/2?vp_filter=portfolio_category%3Aspecials\" data-vp-filter=\"specials\">\r\n                Specials\r\n                            <\/a>\r\n        <\/div>\r\n        <\/div>\r\n        <\/div>\n                <\/div>\n                <div class=\"vp-portfolio__items-wrap\">\n            \n<div class=\"vp-portfolio__items vp-portfolio__items-style-fly vp-portfolio__items-show-overlay-hover\">\n\n        <article        class=\"vp-portfolio__item-wrap post-1038 portfolio type-portfolio status-publish format-standard has-post-thumbnail hentry portfolio_category-softcover vp-portfolio__item-uid-db96ac42\" data-vp-filter=\"softcover\"         >\n                                    <figure class=\"vp-portfolio__item\">\n                \r\n<div class=\"vp-portfolio__item-img-wrap\">\r\n    <div class=\"vp-portfolio__item-img\">\r\n            <a\n        href=\"https:\/\/johanna-neuburger.de\/de\/portfolio\/christoph-hessel-radierungen-bd-2\/\"\n            >\n    \r\n        <img width=\"911\" height=\"945\" src=\"https:\/\/johanna-neuburger.de\/de\/wp-content\/uploads\/sites\/2\/2025\/01\/ChristophHesselBd2-01.jpg\" class=\"wp-image-1083\" alt=\"\" loading=\"lazy\" srcset=\"https:\/\/johanna-neuburger.de\/de\/wp-content\/uploads\/sites\/2\/2025\/01\/ChristophHesselBd2-01.jpg 911w, https:\/\/johanna-neuburger.de\/de\/wp-content\/uploads\/sites\/2\/2025\/01\/ChristophHesselBd2-01-289x300.jpg 289w, https:\/\/johanna-neuburger.de\/de\/wp-content\/uploads\/sites\/2\/2025\/01\/ChristophHesselBd2-01-768x797.jpg 768w, https:\/\/johanna-neuburger.de\/de\/wp-content\/uploads\/sites\/2\/2025\/01\/ChristophHesselBd2-01-500x519.jpg 500w, https:\/\/johanna-neuburger.de\/de\/wp-content\/uploads\/sites\/2\/2025\/01\/ChristophHesselBd2-01-800x830.jpg 800w\" sizes=\"(max-width: 911px) 100vw, 911px\" \/>\r\n        <\/a>    <\/div>\r\n<\/div>\r\n\r\n<figcaption class=\"vp-portfolio__item-overlay vp-portfolio__item-align-center\">\r\n    <div class=\"vp-portfolio__item-meta-wrap vp-portfolio__custom-scrollbar\">\r\n            <a\n        href=\"https:\/\/johanna-neuburger.de\/de\/portfolio\/christoph-hessel-radierungen-bd-2\/\"\n        tabindex=\"-1\" class=\"vp-portfolio__item-meta\"     >\n    \r\n        \n<div class=\"vp-portfolio__item-meta-categories\">\n            <div class=\"vp-portfolio__item-meta-category\">\n                <span            >\n    Softcover<\/span>        <\/div>\n        <\/div>\n\n<h2 class=\"vp-portfolio__item-meta-title\">\n    Christoph Hessel. Radierungen Bd. 2<\/h2>\n\r\n        <\/a>    <\/div>\r\n<\/figcaption>\r\n            <\/figure>\n                    <\/article>\n        \n        <article        class=\"vp-portfolio__item-wrap post-1035 portfolio type-portfolio status-publish format-standard has-post-thumbnail hentry portfolio_category-softcover vp-portfolio__item-uid-a527d0ff\" data-vp-filter=\"softcover\"         >\n                                    <figure class=\"vp-portfolio__item\">\n                \r\n<div class=\"vp-portfolio__item-img-wrap\">\r\n    <div class=\"vp-portfolio__item-img\">\r\n            <a\n        href=\"https:\/\/johanna-neuburger.de\/de\/portfolio\/martina-geist-anja-luithle\/\"\n            >\n    \r\n        <img width=\"911\" height=\"945\" src=\"https:\/\/johanna-neuburger.de\/de\/wp-content\/uploads\/sites\/2\/2025\/02\/KunstvereinWilhelmshoehe-1.jpg\" class=\"wp-image-1072\" alt=\"\" loading=\"lazy\" srcset=\"https:\/\/johanna-neuburger.de\/de\/wp-content\/uploads\/sites\/2\/2025\/02\/KunstvereinWilhelmshoehe-1.jpg 911w, https:\/\/johanna-neuburger.de\/de\/wp-content\/uploads\/sites\/2\/2025\/02\/KunstvereinWilhelmshoehe-1-289x300.jpg 289w, https:\/\/johanna-neuburger.de\/de\/wp-content\/uploads\/sites\/2\/2025\/02\/KunstvereinWilhelmshoehe-1-768x797.jpg 768w, https:\/\/johanna-neuburger.de\/de\/wp-content\/uploads\/sites\/2\/2025\/02\/KunstvereinWilhelmshoehe-1-500x519.jpg 500w, https:\/\/johanna-neuburger.de\/de\/wp-content\/uploads\/sites\/2\/2025\/02\/KunstvereinWilhelmshoehe-1-800x830.jpg 800w\" sizes=\"(max-width: 911px) 100vw, 911px\" \/>\r\n        <\/a>    <\/div>\r\n<\/div>\r\n\r\n<figcaption class=\"vp-portfolio__item-overlay vp-portfolio__item-align-center\">\r\n    <div class=\"vp-portfolio__item-meta-wrap vp-portfolio__custom-scrollbar\">\r\n            <a\n        href=\"https:\/\/johanna-neuburger.de\/de\/portfolio\/martina-geist-anja-luithle\/\"\n        tabindex=\"-1\" class=\"vp-portfolio__item-meta\"     >\n    \r\n        \n<div class=\"vp-portfolio__item-meta-categories\">\n            <div class=\"vp-portfolio__item-meta-category\">\n                <span            >\n    Softcover<\/span>        <\/div>\n        <\/div>\n\n<h2 class=\"vp-portfolio__item-meta-title\">\n    MARTINA GEIST | ANJA LUITHLE<\/h2>\n\r\n        <\/a>    <\/div>\r\n<\/figcaption>\r\n            <\/figure>\n                    <\/article>\n        \n        <article        class=\"vp-portfolio__item-wrap post-1032 portfolio type-portfolio status-publish format-standard has-post-thumbnail hentry portfolio_category-softcover vp-portfolio__item-uid-3b43455c\" data-vp-filter=\"softcover\"         >\n                                    <figure class=\"vp-portfolio__item\">\n                \r\n<div class=\"vp-portfolio__item-img-wrap\">\r\n    <div class=\"vp-portfolio__item-img\">\r\n            <a\n        href=\"https:\/\/johanna-neuburger.de\/de\/portfolio\/notizen-zu-uecker-band-3-nick-boehnke\/\"\n            >\n    \r\n        <img width=\"911\" height=\"945\" src=\"https:\/\/johanna-neuburger.de\/de\/wp-content\/uploads\/sites\/2\/2025\/02\/GuentherUecker3-01.jpg\" class=\"wp-image-1055\" alt=\"\" loading=\"lazy\" srcset=\"https:\/\/johanna-neuburger.de\/de\/wp-content\/uploads\/sites\/2\/2025\/02\/GuentherUecker3-01.jpg 911w, https:\/\/johanna-neuburger.de\/de\/wp-content\/uploads\/sites\/2\/2025\/02\/GuentherUecker3-01-289x300.jpg 289w, https:\/\/johanna-neuburger.de\/de\/wp-content\/uploads\/sites\/2\/2025\/02\/GuentherUecker3-01-768x797.jpg 768w, https:\/\/johanna-neuburger.de\/de\/wp-content\/uploads\/sites\/2\/2025\/02\/GuentherUecker3-01-500x519.jpg 500w, https:\/\/johanna-neuburger.de\/de\/wp-content\/uploads\/sites\/2\/2025\/02\/GuentherUecker3-01-800x830.jpg 800w\" sizes=\"(max-width: 911px) 100vw, 911px\" \/>\r\n        <\/a>    <\/div>\r\n<\/div>\r\n\r\n<figcaption class=\"vp-portfolio__item-overlay vp-portfolio__item-align-center\">\r\n    <div class=\"vp-portfolio__item-meta-wrap vp-portfolio__custom-scrollbar\">\r\n            <a\n        href=\"https:\/\/johanna-neuburger.de\/de\/portfolio\/notizen-zu-uecker-band-3-nick-boehnke\/\"\n        tabindex=\"-1\" class=\"vp-portfolio__item-meta\"     >\n    \r\n        \n<div class=\"vp-portfolio__item-meta-categories\">\n            <div class=\"vp-portfolio__item-meta-category\">\n                <span            >\n    Softcover<\/span>        <\/div>\n        <\/div>\n\n<h2 class=\"vp-portfolio__item-meta-title\">\n    Notizen zu Uecker, Band 3, Nick B\u00f6hnke<\/h2>\n\r\n        <\/a>    <\/div>\r\n<\/figcaption>\r\n            <\/figure>\n                    <\/article>\n        \n        <article        class=\"vp-portfolio__item-wrap post-1029 portfolio type-portfolio status-publish format-standard has-post-thumbnail hentry portfolio_category-softcover vp-portfolio__item-uid-b58aad95\" data-vp-filter=\"softcover\"         >\n                                    <figure class=\"vp-portfolio__item\">\n                \r\n<div class=\"vp-portfolio__item-img-wrap\">\r\n    <div class=\"vp-portfolio__item-img\">\r\n            <a\n        href=\"https:\/\/johanna-neuburger.de\/de\/portfolio\/100-jahre-wir-feiern-das-augustinermuseum\/\"\n            >\n    \r\n        <img width=\"911\" height=\"945\" src=\"https:\/\/johanna-neuburger.de\/de\/wp-content\/uploads\/sites\/2\/2025\/02\/StaedtischesMuseumFreiburg-1.jpg\" class=\"wp-image-1067\" alt=\"\" loading=\"lazy\" srcset=\"https:\/\/johanna-neuburger.de\/de\/wp-content\/uploads\/sites\/2\/2025\/02\/StaedtischesMuseumFreiburg-1.jpg 911w, https:\/\/johanna-neuburger.de\/de\/wp-content\/uploads\/sites\/2\/2025\/02\/StaedtischesMuseumFreiburg-1-289x300.jpg 289w, https:\/\/johanna-neuburger.de\/de\/wp-content\/uploads\/sites\/2\/2025\/02\/StaedtischesMuseumFreiburg-1-768x797.jpg 768w, https:\/\/johanna-neuburger.de\/de\/wp-content\/uploads\/sites\/2\/2025\/02\/StaedtischesMuseumFreiburg-1-500x519.jpg 500w, https:\/\/johanna-neuburger.de\/de\/wp-content\/uploads\/sites\/2\/2025\/02\/StaedtischesMuseumFreiburg-1-800x830.jpg 800w\" sizes=\"(max-width: 911px) 100vw, 911px\" \/>\r\n        <\/a>    <\/div>\r\n<\/div>\r\n\r\n<figcaption class=\"vp-portfolio__item-overlay vp-portfolio__item-align-center\">\r\n    <div class=\"vp-portfolio__item-meta-wrap vp-portfolio__custom-scrollbar\">\r\n            <a\n        href=\"https:\/\/johanna-neuburger.de\/de\/portfolio\/100-jahre-wir-feiern-das-augustinermuseum\/\"\n        tabindex=\"-1\" class=\"vp-portfolio__item-meta\"     >\n    \r\n        \n<div class=\"vp-portfolio__item-meta-categories\">\n            <div class=\"vp-portfolio__item-meta-category\">\n                <span            >\n    Softcover<\/span>        <\/div>\n        <\/div>\n\n<h2 class=\"vp-portfolio__item-meta-title\">\n    100 Jahre! Wir feiern das Augustinermuseum<\/h2>\n\r\n        <\/a>    <\/div>\r\n<\/figcaption>\r\n            <\/figure>\n                    <\/article>\n        \n<\/div>\n        <\/div>\n                <div class=\"vp-portfolio__layout-elements vp-portfolio__layout-elements-bottom vp-portfolio__layout-elements-align-center\">\n                <div class=\"vp-portfolio__pagination-wrap\">\n        \r\n<div class=\"vp-pagination vp-pagination__style-default\" data-vp-pagination-type=\"load-more\">\r\n    <div class=\"vp-pagination__item\">\r\n        <a class=\"vp-pagination__load-more\" href=\"https:\/\/johanna-neuburger.de\/de\/wp-json\/wp\/v2\/pages\/2?vp_page=2\">\r\n            <span>Mehr laden<\/span>\r\n            <span class=\"vp-pagination__load-more-loading\"><span class=\"glacier-spinner\"><i class=\"fa fa-spinner fa-spin\"><\/i><\/span>Lade mehr ...<\/span>\r\n            <span class=\"vp-pagination__load-more-no-more\">Du bist am Ende der Liste.<\/span>\r\n        <\/a>\r\n    <\/div>\r\n<\/div>\r\n        <\/div>\n                <\/div>\n        \n<\/div>\n[\/vc_column][\/vc_row]<\/p><\/section>","protected":false},"excerpt":{"rendered":"<p>[vc_row][vc_column][vc_column_text] Mit gro\u00dfer Leidenschaft und Freude gestalte ich B\u00fccher und Ausstellungskataloge. Detailverliebt k\u00fcmmere ich mich um den passenden Look und ein stimmiges Konzept. Hierbei fokussiere ich mich nicht nur auf den Inhalt, auch der Einband, der Schutzumschlag und die Typografie wird mit besonders viel Aufmerksamkeit gew\u00e4hlt und gestaltet. Ein Einband<\/p>\n<div class=\"post-button\">\n\t\t\t   <a href=\"https:\/\/johanna-neuburger.de\/de\/portfolio\/100-jahre-wir-feiern-das-augustinermuseum\/\">Read More<\/a>\n\t\t\t<\/div>\n","protected":false},"author":1,"featured_media":415,"parent":0,"menu_order":0,"comment_status":"closed","ping_status":"open","template":"template-page.php","meta":{"_vp_format_video_url":"","_vp_image_focal_point":[]},"_links":{"self":[{"href":"https:\/\/johanna-neuburger.de\/de\/wp-json\/wp\/v2\/pages\/2"}],"collection":[{"href":"https:\/\/johanna-neuburger.de\/de\/wp-json\/wp\/v2\/pages"}],"about":[{"href":"https:\/\/johanna-neuburger.de\/de\/wp-json\/wp\/v2\/types\/page"}],"author":[{"embeddable":true,"href":"https:\/\/johanna-neuburger.de\/de\/wp-json\/wp\/v2\/users\/1"}],"replies":[{"embeddable":true,"href":"https:\/\/johanna-neuburger.de\/de\/wp-json\/wp\/v2\/comments?post=2"}],"version-history":[{"count":28,"href":"https:\/\/johanna-neuburger.de\/de\/wp-json\/wp\/v2\/pages\/2\/revisions"}],"predecessor-version":[{"id":963,"href":"https:\/\/johanna-neuburger.de\/de\/wp-json\/wp\/v2\/pages\/2\/revisions\/963"}],"wp:featuredmedia":[{"embeddable":true,"href":"https:\/\/johanna-neuburger.de\/de\/wp-json\/wp\/v2\/media\/415"}],"wp:attachment":[{"href":"https:\/\/johanna-neuburger.de\/de\/wp-json\/wp\/v2\/media?parent=2"}],"curies":[{"name":"wp","href":"https:\/\/api.w.org\/{rel}","templated":true}]}}