{"id":457,"date":"2019-07-05T12:49:54","date_gmt":"2019-07-05T10:49:54","guid":{"rendered":"https:\/\/johanna-neuburger.de\/de\/?page_id=457"},"modified":"2023-01-19T21:12:37","modified_gmt":"2023-01-19T20:12:37","slug":"datenschutzerklaerung","status":"publish","type":"page","link":"https:\/\/johanna-neuburger.de\/de\/datenschutzerklaerung\/","title":{"rendered":"Datenschutzerkl\u00e4rung"},"content":{"rendered":"<section class=\"wpb-content-wrapper\"><p>[vc_row][vc_column][vc_column_text el_class=&#8220;h2&#8243;]<\/p>\n<p style=\"text-align: center;\"><strong>Datenschutzerkl\u00e4rung<\/strong><\/p>\n<p>[\/vc_column_text][vc_column_text]<\/p>\n<h3>\u00a7 1 Allgemeines<\/h3>\n<p>Ihre personenbezogenen Daten (z.\u00a0B. Anrede, Name, Anschrift, E-Mail-Adresse, Telefonnummer) werden von uns nur gem\u00e4\u00df den Bestimmungen des deutschen Datenschutzrechts und des Datenschutzrechts der Europ\u00e4ischen Union (EU) verarbeitet. Die nachfolgenden Vorschriften informieren Sie neben den Verarbeitungszwecken, Empf\u00e4ngern, Rechtsgrundlagen, Speicherfristen auch \u00fcber Ihre Rechte und den Verantwortlichen f\u00fcr Ihre Datenverarbeitung. Diese Datenschutzerkl\u00e4rung bezieht sich nur auf unsere Websites. Falls Sie \u00fcber Links auf unseren Seiten auf andere Seiten weitergeleitet werden, informieren Sie sich bitte dort \u00fcber den jeweiligen Umgang mit Ihren Daten.<\/p>\n<h3>\u00a7 2 Kontaktaufnahme<\/h3>\n<p><strong>(1) Verarbeitungszweck<\/strong><br \/>\nIhre personenbezogenen Daten, die Sie uns per E-Mail, Kontaktformular etc. zur Verf\u00fcgung stellen, verarbeiten wir zur Beantwortung und Erledigung Ihrer Anfragen. Sie sind nicht verpflichtet, uns Ihre personenbezogenen Daten bereitzustellen. Aber ohne Mitteilung Ihrer E-Mail-Adresse k\u00f6nnen wir Ihnen auch nicht per E-Mail antworten.<\/p>\n<p><strong>(2) Rechtsgrundlagen<\/strong><\/p>\n<ol type=\"a\">\n<li>Sollten Sie uns eine ausdr\u00fcckliche Einwilligung zur Verarbeitung Ihrer Daten gegeben haben, ist Art.\u00a06 Abs.\u00a01a) DSGVO die Rechtsgrundlage f\u00fcr diese Verarbeitung.<\/li>\n<li>Sollten wir Ihre Daten zur Durchf\u00fchrung vorvertraglicher Ma\u00dfnahmen verarbeiten, ist Art.\u00a06 Abs.\u00a01b) DSGVO die Rechtsgrundlage.<\/li>\n<li>In allen anderen F\u00e4llen (insbesondere bei Nutzung eines Kontaktformulars) ist Art.\u00a06 Abs.\u00a01f) DSGVO die Rechtsgrundlage.<\/li>\n<\/ol>\n<p><strong>WIDERSPRUCHSRECHT: Sie haben das Recht, der Datenverarbeitung, die auf der Grundlage des Art.\u00a06 Abs.\u00a01f) DSGVO erfolgt und nicht der Direktwerbung dient, aus Gr\u00fcnden, die sich aus Ihrer besonderen Situation ergeben, jederzeit zu widersprechen.<\/strong><br \/>\n<strong>Im Falle der Direktwerbung k\u00f6nnen Sie der Verarbeitung hingegen ohne Angabe von Gr\u00fcnden jederzeit widersprechen. <\/strong><\/p>\n<p><strong>(3) Berechtigtes Interesse<\/strong><br \/>\nUnser berechtigtes Interesse an der Verarbeitung besteht darin, mit Ihnen auf schnellem Wege zu kommunizieren und Ihre Anfragen kosteng\u00fcnstig zu beantworten. Wenn Sie uns Ihre Anschrift mitteilen, behalten wir uns vor, diese f\u00fcr postalische Direktwerbung zu verwenden. Ihr Interesse am Datenschutz k\u00f6nnen Sie durch eine sparsame Datenweitergabe (z.\u00a0B. Verwendung eines Pseudonyms) wahren<\/p>\n<p><strong>(4) Empf\u00e4ngerkategorien<\/strong><br \/>\nHostinganbieter, Versanddienstleister bei Direktwerbung<\/p>\n<p><strong>(5) Speicherdauer<\/strong><br \/>\nIhre Daten werden gel\u00f6scht, wenn sich aus den Umst\u00e4nden entnehmen l\u00e4sst, dass Ihre Anfrage bzw. der betroffene Sachverhalt abschlie\u00dfend gekl\u00e4rt ist.<\/p>\n<p>Falls es jedoch zu einem Vertragsschluss kommt, werden die nach Handels- und Steuerrecht erforderlichen Daten von uns f\u00fcr die gesetzlich bestimmten Zeitr\u00e4ume aufbewahrt, also regelm\u00e4\u00dfig zehn Jahre (vgl. \u00a7\u00a0257 HGB, \u00a7\u00a0147 AO).<\/p>\n<p><strong>(6) Widerrufsrecht<\/strong><br \/>\nSie haben im Fall der Verarbeitung aufgrund Ihrer Einwilligung das Recht, Ihre Einwilligung jederzeit zu widerrufen.<\/p>\n<h3>\u00a7 3 Kommentare<\/h3>\n<p><strong>(1) Verarbeitungszweck<\/strong><br \/>\nEs besteht die M\u00f6glichkeit einen Kommentar zu verfassen. Ihre Daten (z.\u00a0B. Name\/Pseudonym, E-Mail-Adresse, Website) werden dann nur f\u00fcr den Zweck der Ver\u00f6ffentlichung Ihres Kommentars verarbeitet.<\/p>\n<p><strong>(2) Rechtsgrundlage<\/strong><br \/>\nRechtsgrundlage f\u00fcr diese Verarbeitung ist Art. 6 Abs. 1 f) DSGVO.<\/p>\n<p><strong>(3) Berechtigtes Interesse<\/strong><br \/>\nUnser berechtigtes Interesse ist der \u00f6ffentliche Austausch von Nutzermeinungen zu bestimmten Themen und Produkten. Die Ver\u00f6ffentlichung dient u.\u00a0a. der Transparenz und Meinungsbildung. Ihr Interesse am Datenschutz bleibt gewahrt, da Sie Ihren Kommentar unter einem Pseudonym ver\u00f6ffentlichen k\u00f6nnen.<\/p>\n<p><strong>(4) Speicherdauer<\/strong><br \/>\nEine bestimmte Speicherdauer ist nicht vorgesehen. Sie k\u00f6nnen jederzeit die L\u00f6schung Ihres Kommentars verlangen.<\/p>\n<p><strong>(5) WIDERSPRUCHSRECHT<\/strong><br \/>\n<strong>Sie haben das Recht, der Datenverarbeitung die auf der Grundlage des Art. 6 Abs. 1 f) DSGVO erfolgt und nicht der Direktwerbung dient aus Gr\u00fcnden, die sich aus Ihrer besonderen Situation ergeben, jederzeit zu widersprechen.<\/strong><br \/>\n<strong>Im Falle der Direktwerbung k\u00f6nnen Sie der Verarbeitung hingegen ohne Angabe von Gr\u00fcnden jederzeit\u00a0 widersprechen.<\/strong><\/p>\n<h3>\u00a7 4 Webanalyse mit Google Analytics<\/h3>\n<p><strong>(1) Verarbeitungszweck<\/strong><br \/>\nDiese Website benutzt Google Analytics, einen Webanalysedienst der Google Ireland Limited, Gordon House, Barrow Street, Dublin 4, Irland (\u201eGoogle\u201c). Google Analytics verwendet sog. \u201eCookies\u201c, Textdateien, die auf Ihrem Computer gespeichert werden und die eine Analyse der Benutzung der Website durch Sie erm\u00f6glichen. Die durch den Cookie erzeugten Informationen \u00fcber Ihre Benutzung dieser Website werden in der Regel an einen Server von Google in den USA \u00fcbertragen und dort gespeichert. Im Falle der Aktivierung der IP-Anonymisierung auf dieser Website wird Ihre IP-Adresse von Google jedoch innerhalb von Mitgliedstaaten der Europ\u00e4ischen Union oder in anderen Vertragsstaaten des Abkommens \u00fcber den Europ\u00e4ischen Wirtschaftsraum zuvor gek\u00fcrzt. Nur in Ausnahmef\u00e4llen wird die volle IP-Adresse an einen Server von Google in den USA \u00fcbertragen und dort gek\u00fcrzt. Im Auftrag des Betreibers dieser Website wird Google diese Informationen benutzen, um Ihre Nutzung der Website auszuwerten, um Reports \u00fcber die Websiteaktivit\u00e4ten zusammenzustellen und um weitere mit der Websitenutzung und der Internetnutzung verbundene Dienstleistungen gegen\u00fcber dem Websitebetreiber zu erbringen.<\/p>\n<p><strong>(2) Rechtsgrundlage<\/strong><br \/>\nRechtsgrundlage f\u00fcr diese Verarbeitung ist Art. 6 Abs.1 f) DSGVO.<\/p>\n<p><strong>(3) Berechtigtes Interesse<\/strong><br \/>\nUnser berechtigtes Interesse ist die statistische Analyse des Nutzerverhaltens zu Optimierungs- und Marketingzwecken. Zum Schutz Ihres Interesses am Datenschutz benutzt diese Webseite Google Analytics mit der Erweiterung \u201eanonymizeIP()\u201c, damit die IP-Adressen nur gek\u00fcrzt weiterverarbeitet werden, um eine direkte Personenbeziehbarkeit auszuschlie\u00dfen.<\/p>\n<p><strong>(4) Empf\u00e4ngerkategorien<\/strong><br \/>\nGoogle und dessen Partnerunternehmen.<\/p>\n<p><strong>(5) \u00dcbermittlung an ein Drittland<\/strong><br \/>\nGoogle Ireland Limited ist ein mit Google LLC verbundenes Unternehmen. Google LLC sitzt in den USA (1600 Amphitheatre Parkway, Mountain View, CA 94043) und ist f\u00fcr das us-europ\u00e4ische Datenschutz\u00fcbereinkommen \u201ePrivacy Shield\u201c zertifiziert, welches die Einhaltung des in der EU geltenden Datenschutzniveaus gew\u00e4hrleistet.<\/p>\n<p><strong>(6) Speicherdauer<\/strong><br \/>\n14 Monate<\/p>\n<p><strong>(7) WIDERSPRUCHSRECHT<\/strong><br \/>\n<strong>Sie k\u00f6nnen die Speicherung der Cookies durch eine entsprechende Einstellung Ihrer Browser-Software verhindern; wir weisen Sie jedoch darauf hin, dass Sie in diesem Fall gegebenenfalls nicht s\u00e4mtliche Funktionen dieser Website vollumf\u00e4nglich werden nutzen k\u00f6nnen. Sie k\u00f6nnen dar\u00fcber hinaus die Erfassung der durch das Cookie erzeugten und auf Ihre Nutzung der Website bezogenen Daten (inkl. Ihrer IP-Adresse) an Google sowie die Verarbeitung dieser Daten durch Google verhindern, indem Sie das unter dem folgenden Link verf\u00fcgbare Browser-Plugin herunterladen und installieren: <\/strong><a href=\"http:\/\/tools.google.com\/dlpage\/gaoptout?hl=de\">optout<\/a><\/p>\n<p><strong>Sie k\u00f6nnen die Erfassung auch durch das Setzen eines Opt-Out-Cookies unterbinden. Wenn Sie die zuk\u00fcnftige Erfassung Ihrer Daten beim Besuch dieser Website verhindern m\u00f6chten, klicken Sie bitte hier: <\/strong><a>Google Analytics deaktivieren<\/a><\/p>\n<h3>\u00a7 5 Informationen \u00fcber Cookies<\/h3>\n<p><strong>(1) Verarbeitungszweck<\/strong><br \/>\nAuf dieser Webseite werden technisch notwendige Cookies eingesetzt. Es handelt sich dabei um kleine Textdateien, die in bzw. von Ihrem Internetbrowser auf Ihrem Computersystem gespeichert werden.<\/p>\n<p><strong>(2) Rechtsgrundlage<\/strong><br \/>\nRechtsgrundlage f\u00fcr diese Verarbeitung ist Art. 6 Abs.1 f) DSGVO.<\/p>\n<p><strong>(3) Berechtigtes Interesse<\/strong><br \/>\nUnser berechtigtes Interesse ist die Funktionsf\u00e4higkeit unserer Webseite. Die durch technisch notwendige Cookies erhobenen Nutzerdaten werden nicht zur Erstellung von Nutzerprofilen verwendet. Dadurch wird Ihr Interesse am Datenschutz gewahrt.<\/p>\n<p><strong>(4) Speicherdauer<\/strong><br \/>\nDie technisch notwendigen Cookies werden im Regelfall mit dem Schlie\u00dfen des Browsers gel\u00f6scht. Dauerhaft gespeicherte Cookies haben eine unterschiedlich lange Lebensdauer von einigen Minuten bis zu mehreren Jahren.<\/p>\n<p><strong>(5) WIDERSPRUCHSRECHT<\/strong><br \/>\n<strong>Falls Sie die Speicherung dieser Cookies nicht w\u00fcnschen, deaktivieren Sie bitte die Annahme dieser Cookies in Ihrem Internetbrowser. Dies kann aber eine Funktionseinschr\u00e4nkung unserer Webseite zur Folge haben. Dauerhaftgespeicherte Cookies k\u00f6nnen Sie ebenfalls jederzeit \u00fcber Ihren Browser l\u00f6schen.<\/strong><\/p>\n<h3>\u00a7 6 Ihre Rechte als Betroffener<\/h3>\n<p>Werden personenbezogene Daten von Ihnen verarbeitet, sind Sie Betroffener im Sinne der DSGVO und es stehen Ihnen folgende Rechte gegen\u00fcber uns als Verantwortlichen zu:<\/p>\n<ol>\n<li><strong>Recht auf Auskunft<\/strong><br \/>\nSie k\u00f6nnen im Rahmen des Art. 15 DSGVO Auskunft \u00fcber Ihre von uns verarbeiteten personenbezogenen Daten verlangen.<\/li>\n<li><strong>Recht auf Berichtigung<\/strong><br \/>\nSollten die Sie betreffenden Angaben nicht (mehr) zutreffend sein, k\u00f6nnen Sie nach Art. 16 DSGVO eine Berichtigung verlangen. Sollten Ihre Daten unvollst\u00e4ndig sein, k\u00f6nnen Sie eine Vervollst\u00e4ndigung verlangen.<\/li>\n<li><strong>Recht auf L\u00f6schung<\/strong><br \/>\nSie k\u00f6nnen unter den Bedingungen des Art. 17 DSGVO die L\u00f6schung Ihrer personenbezogenen Daten verlangen.<\/li>\n<li><strong>Recht auf Einschr\u00e4nkung der Verarbeitung<\/strong><br \/>\nSie haben im Rahmen der Vorgaben des Art. 18 DSGVO das Recht, eine Einschr\u00e4nkung der Verarbeitung der Sie betreffenden Daten zu verlangen.<\/li>\n<li><strong>Recht auf Daten\u00fcbertragbarkeit<\/strong><br \/>\nSie haben nach Art. 20 DSGVO das Recht, die Sie betreffenden personenbezogenen Daten, die Sie uns bereitgestellt haben, in einem strukturierten, g\u00e4ngigen und maschinenlesbaren Format zu erhalten oder die \u00dcbermittlung an einen anderen Verantwortlichen zu verlangen.<\/li>\n<li><strong>Recht auf Widerruf der datenschutzrechtlichen Einwilligungserkl\u00e4rung<\/strong><br \/>\nSie haben nach Art. 7 Abs. 3 DSGVO das Recht, Ihre datenschutzrechtliche Einwilligungserkl\u00e4rung jederzeit zu widerrufen. Die Rechtm\u00e4\u00dfigkeit der aufgrund der Einwilligung bis zum Widerruf erfolgten Verarbeitung wird dadurch nicht ber\u00fchrt.<\/li>\n<li><strong>Recht auf Beschwerde bei einer Aufsichtsbeh\u00f6rde<\/strong><br \/>\nWenn Sie der Ansicht sind, dass die Verarbeitung der Sie betreffenden personenbezogenen Daten gegen die DSGVO verst\u00f6\u00dft, steht Ihnen nach Art. 77 DSGVO das Recht auf Beschwerde bei einer Aufsichtsbeh\u00f6rde (insbesondere in dem Mitgliedstaat ihres Aufenthaltsorts, ihres Arbeitsplatzes oder des Orts des mutma\u00dflichen Versto\u00dfes) zu.<\/li>\n<\/ol>\n<p><strong>Bitte beachten Sie auch Ihr Widerspruchsrecht nach Art. 21 DSGVO:<\/strong><\/p>\n<ol type=\"a\">\n<li><strong>Allgemein: begr\u00fcndeter Widerspruch erforderlich<\/strong><strong>Erfolgt die Verarbeitung Sie betreffender personenbezogener Daten<br \/>\n\u2013 zur Wahrung unseres \u00fcberwiegenden berechtigten Interesses (Rechtsgrundlage nach Art. 6 Abs. 1 f) DSGVO) oder<br \/>\n\u2013 im \u00f6ffentlichen Interesse (Rechtsgrundlage nach Art. 6 Abs. 1 e) DSGVO), haben Sie das Recht,<br \/>\njederzeit aus Gr\u00fcnden, die sich aus Ihrer besonderen Situation ergeben, gegen die Verarbeitung Widerspruch einzulegen;<br \/>\ndies gilt auch f\u00fcr ein auf die Bestimmungen der DSGVO gest\u00fctztes Profiling.<\/strong><strong>Im Fall des Widerspruchs verarbeiten wir die Sie betreffenden personenbezogenen Daten nicht mehr, es sei denn,<br \/>\nwir k\u00f6nnen zwingende schutzw\u00fcrdige Gr\u00fcnde f\u00fcr die Verarbeitung nachweisen, die Ihre Interessen, Rechte und Freiheiten \u00fcberwiegen,<br \/>\noder die Verarbeitung dient der Geltendmachung, Aus\u00fcbung oder Verteidigung von Rechtsanspr\u00fcchen.<\/strong><\/li>\n<li><strong>Sonderfall Direktwerbung: einfacher Widerspruch gen\u00fcgt<\/strong><strong>Werden die Sie betreffenden personenbezogenen Daten verarbeitet, um Direktwerbung zu betreiben,<br \/>\nhaben Sie das Recht, jederzeit und ohne Angabe von Gr\u00fcnden Widerspruch gegen diese Verarbeitung einzulegen;<br \/>\ndies gilt auch f\u00fcr das Profiling, soweit es mit solcher Direktwerbung in Verbindung steht.<\/strong><strong>Widersprechen Sie der Verarbeitung f\u00fcr Zwecke der Direktwerbung, so werden die Sie betreffenden personenbezogenen<br \/>\nDaten nicht mehr f\u00fcr diese Zwecke verarbeitet.<\/strong><\/li>\n<\/ol>\n<p><strong>Verantwortlicher f\u00fcr die Datenverarbeitung:<\/strong><br \/>\nJohanna Neuburger<br \/>\nFilseckstra\u00dfe 20\/1<br \/>\n73035 G\u00f6ppingen<br \/>\nTelefon: 07161 9874443<br \/>\nE-Mail: <a href=\"mailto:design@johanna-neuburger.de\">design@johanna-neuburger.de<\/a>[\/vc_column_text][\/vc_column][\/vc_row]<\/p>\n<\/section>","protected":false},"excerpt":{"rendered":"<p>[vc_row][vc_column][vc_column_text el_class=&#8220;h2&#8243;] Datenschutzerkl\u00e4rung [\/vc_column_text][vc_column_text] \u00a7 1 Allgemeines Ihre personenbezogenen Daten (z.\u00a0B. Anrede, Name, Anschrift, E-Mail-Adresse, Telefonnummer) werden von uns nur gem\u00e4\u00df den Bestimmungen des deutschen Datenschutzrechts und des Datenschutzrechts der Europ\u00e4ischen Union (EU) verarbeitet. Die nachfolgenden Vorschriften informieren Sie neben den Verarbeitungszwecken, Empf\u00e4ngern, Rechtsgrundlagen, Speicherfristen auch \u00fcber Ihre Rechte und<\/p>\n<div class=\"post-button\">\n\t\t\t   <a href=\"https:\/\/johanna-neuburger.de\/de\/datenschutzerklaerung\/\">Read More<\/a>\n\t\t\t<\/div>\n","protected":false},"author":1,"featured_media":0,"parent":0,"menu_order":0,"comment_status":"closed","ping_status":"closed","template":"template-page.php","meta":{"_vp_format_video_url":"","_vp_image_focal_point":[]},"_links":{"self":[{"href":"https:\/\/johanna-neuburger.de\/de\/wp-json\/wp\/v2\/pages\/457"}],"collection":[{"href":"https:\/\/johanna-neuburger.de\/de\/wp-json\/wp\/v2\/pages"}],"about":[{"href":"https:\/\/johanna-neuburger.de\/de\/wp-json\/wp\/v2\/types\/page"}],"author":[{"embeddable":true,"href":"https:\/\/johanna-neuburger.de\/de\/wp-json\/wp\/v2\/users\/1"}],"replies":[{"embeddable":true,"href":"https:\/\/johanna-neuburger.de\/de\/wp-json\/wp\/v2\/comments?post=457"}],"version-history":[{"count":24,"href":"https:\/\/johanna-neuburger.de\/de\/wp-json\/wp\/v2\/pages\/457\/revisions"}],"predecessor-version":[{"id":483,"href":"https:\/\/johanna-neuburger.de\/de\/wp-json\/wp\/v2\/pages\/457\/revisions\/483"}],"wp:attachment":[{"href":"https:\/\/johanna-neuburger.de\/de\/wp-json\/wp\/v2\/media?parent=457"}],"curies":[{"name":"wp","href":"https:\/\/api.w.org\/{rel}","templated":true}]}}