{"id":8,"date":"2019-06-25T16:23:31","date_gmt":"2019-06-25T14:23:31","guid":{"rendered":"https:\/\/johanna-neuburger.de\/de\/?page_id=8"},"modified":"2023-01-19T21:02:43","modified_gmt":"2023-01-19T20:02:43","slug":"ueber-mich","status":"publish","type":"page","link":"https:\/\/johanna-neuburger.de\/de\/ueber-mich\/","title":{"rendered":"\u00dcber mich"},"content":{"rendered":"<section class=\"wpb-content-wrapper\"><p>[vc_row][vc_column]<div style='margin-bottom:35px;' class='experience-box '><div class='icon'><i class='fa fa-book' style='color: #000;'><\/i><\/div><h4>B\u00fccher<\/h4><div class='timer'><span class='number'>66<\/span><\/div><\/div><div style='margin-bottom:35px;' class='experience-box '><div class='icon'><i class='fa fa-file-text' style='color: #000;'><\/i><\/div><h4>Gestaltete Buchseiten<\/h4><div class='timer'><span class='number'>7940<\/span><\/div><\/div><div style='margin-bottom:35px;' class='experience-box '><div class='icon'><i class='fa fa-coffee' style='color: #000;'><\/i><\/div><h4>Tees<\/h4><div class='timer'><span class='number'>2878<\/span><\/div><\/div><div style='margin-bottom:35px;' class='experience-box '><div class='icon'><i class='fa fa-heart' style='color: #000;'><\/i><\/div><h4>Herzblut in %<\/h4><div class='timer'><span class='number'>100<\/span><\/div><\/div>[\/vc_column][\/vc_row][vc_row][vc_column width=&#8220;1\/3&#8243;][vc_single_image image=&#8220;25&#8243; img_size=&#8220;large&#8220;][\/vc_column][vc_column width=&#8220;2\/3&#8243;][vc_column_text]Mein grafisches B\u00fcro: das bin zuerst einmal ich \u2013 Johanna Neuburger, Designerin.<br \/>\nMich motiviert die N\u00e4he zu Kuratorinnen und Kuratoren, zu Kunstschaffenden, Autorinnen und Autoren; zu der Geschichte, die erz\u00e4hlt werden soll; zu dem Werk, das abgebildet werden soll; und zu dem Inhalt, der transportiert werden soll. Das hei\u00dft, ich bin so nahe am Projekt und an der Herzensangelegenheit meines Gegen\u00fcbers, wie nur irgendwie m\u00f6glich, weil ich davon \u00fcberzeugt bin, dass nur durch die konzentrierte Auseinandersetzung mit einer Sache die beste grafische Umsetzung daf\u00fcr entstehen kann. Ich bin eine Grafikerin, die schaut, liest, analysiert.<\/p>\n<p>Mit mir sind auch noch wir. Mein \u201eWir\u201c ist ein unentbehrliches und nachhaltig gewachsenes Netzwerk aus Profis f\u00fcr Fotografie, Lektorat, \u00dcbersetzungen und verarbeitenden Betrieben, die kleine und gro\u00dfe Produktionen mit Sachverstand und Feuereifer erm\u00f6glichen. Mit vielen von Ihnen verbindet mich eine langj\u00e4hrige gemeinsame Arbeitserfahrung, mit vielen eine tiefe Freundschaft und die \u00dcberzeugung, dass die eigene hervorragende Arbeit die des anderen noch besser macht.<\/p>\n<p>Wenn ich ehrlich bin: \u201eetwas Sch\u00f6nes machen\u201c, das w\u00e4re meine spontane und erste Antwort auf die Frage, weshalb ich mich auf Publikationsformate im weiten Bereich von Kunst und Kultur spezialisiert habe. Es ist echte Liebe. Mein Interesse f\u00fcr Material, ein liebevoll gepflegter Fetisch f\u00fcr Papier und der Ehrgeiz an der virtuosen, technischen Umsetzung von Informationen zu Druckdaten finde ich nur im Medium des Buchs. B\u00fccher knistern, flattern und duften druckfrisch wie sonst nichts anderes. Auch in Zeiten der Digitalisierung, des Virtuellen, l\u00e4sst sich die direkte Ber\u00fchrung nicht ersetzen. Im Gegenteil, der Wunsch etwas haptisch zu f\u00fchlen und auch qua Gestaltung zu (be)greifen scheint sich im Heute noch verst\u00e4rkt zu haben.<\/p>\n<p>In Text und Bild l\u00e4sst sich, so bin ich \u00fcberzeugt alles fassen. Wie das noch besser geht, daf\u00fcr arbeiten ich und wir unerm\u00fcdlich.[\/vc_column_text][\/vc_column][\/vc_row]<\/p>\n<\/section>","protected":false},"excerpt":{"rendered":"<p>[vc_row][vc_column][\/vc_column][\/vc_row][vc_row][vc_column width=&#8220;1\/3&#8243;][vc_single_image image=&#8220;25&#8243; img_size=&#8220;large&#8220;][\/vc_column][vc_column width=&#8220;2\/3&#8243;][vc_column_text]Mein grafisches B\u00fcro: das bin zuerst einmal ich \u2013 Johanna Neuburger, Designerin. Mich motiviert die N\u00e4he zu Kuratorinnen und Kuratoren, zu Kunstschaffenden, Autorinnen und Autoren; zu der Geschichte, die erz\u00e4hlt werden soll; zu dem Werk, das abgebildet werden soll; und zu dem Inhalt, der transportiert werden<\/p>\n<div class=\"post-button\">\n\t\t\t   <a href=\"https:\/\/johanna-neuburger.de\/de\/ueber-mich\/\">Read More<\/a>\n\t\t\t<\/div>\n","protected":false},"author":1,"featured_media":487,"parent":0,"menu_order":0,"comment_status":"closed","ping_status":"closed","template":"template-page.php","meta":{"_vp_format_video_url":"","_vp_image_focal_point":[]},"_links":{"self":[{"href":"https:\/\/johanna-neuburger.de\/de\/wp-json\/wp\/v2\/pages\/8"}],"collection":[{"href":"https:\/\/johanna-neuburger.de\/de\/wp-json\/wp\/v2\/pages"}],"about":[{"href":"https:\/\/johanna-neuburger.de\/de\/wp-json\/wp\/v2\/types\/page"}],"author":[{"embeddable":true,"href":"https:\/\/johanna-neuburger.de\/de\/wp-json\/wp\/v2\/users\/1"}],"replies":[{"embeddable":true,"href":"https:\/\/johanna-neuburger.de\/de\/wp-json\/wp\/v2\/comments?post=8"}],"version-history":[{"count":21,"href":"https:\/\/johanna-neuburger.de\/de\/wp-json\/wp\/v2\/pages\/8\/revisions"}],"predecessor-version":[{"id":943,"href":"https:\/\/johanna-neuburger.de\/de\/wp-json\/wp\/v2\/pages\/8\/revisions\/943"}],"wp:featuredmedia":[{"embeddable":true,"href":"https:\/\/johanna-neuburger.de\/de\/wp-json\/wp\/v2\/media\/487"}],"wp:attachment":[{"href":"https:\/\/johanna-neuburger.de\/de\/wp-json\/wp\/v2\/media?parent=8"}],"curies":[{"name":"wp","href":"https:\/\/api.w.org\/{rel}","templated":true}]}}